{"id":99542,"date":"2021-04-21T16:58:44","date_gmt":"2021-04-21T16:58:44","guid":{"rendered":"https:\/\/flaviobrandaobrand.com\/?post_type=product&#038;p=99542"},"modified":"2026-03-06T18:54:16","modified_gmt":"2026-03-06T18:54:16","slug":"saia-hive","status":"publish","type":"product","link":"https:\/\/flaviobrandaobrand.com\/en\/product\/saia-hive\/","title":{"rendered":"Hive skirt"},"content":{"rendered":"","protected":false},"excerpt":{"rendered":"<p>Made-to-measure product (made to order)<\/p>\n<p>After placing the order and filling in the data at checkout, our team gets in touch to expedite the making of the item by measure.<\/p>","protected":false},"featured_media":99717,"comment_status":"open","ping_status":"closed","template":"","meta":[],"product_cat":[115,116],"product_tag":[],"supplier_id":null,"supplier_sku":"","barcode":null,"atum_controlled":true,"out_stock_date":"2026-03-06 18:54:16","out_stock_threshold":null,"inheritable":false,"inbound_stock":0,"stock_on_hold":0,"sold_today":0,"sales_last_days":0,"reserved_stock":0,"customer_returns":0,"warehouse_damage":0,"lost_in_post":0,"other_logs":0,"out_stock_days":55,"lost_sales":0,"has_location":false,"update_date":"2026-05-01T07:33:14","atum_locations":[],"atum_stock_status":"outofstock","restock_status":false,"low_stock_amount":"","sales_update_date":"2026-05-01T07:33:14","calc_backorders":null,"yoast_head":"<!-- This site is optimized with the Yoast SEO plugin v22.4 - https:\/\/yoast.com\/wordpress\/plugins\/seo\/ -->\n<title>Saia Hive - Flavio Brandao<\/title>\n<meta name=\"description\" content=\"A saia HIVE, de Flavio Brandao, pertence \u00e0 linha HIGH FASHION, da cole\u00e7\u00e3o F\u00d3RMULA e \u00e9 uma pe\u00e7a feita por medida.\" \/>\n<meta name=\"robots\" content=\"index, follow, max-snippet:-1, max-image-preview:large, max-video-preview:-1\" \/>\n<link rel=\"canonical\" href=\"https:\/\/flaviobrandaobrand.com\/en\/product\/saia-hive\/\" \/>\n<meta property=\"og:locale\" content=\"en_GB\" \/>\n<meta property=\"og:type\" content=\"article\" \/>\n<meta property=\"og:title\" content=\"Saia Hive - Flavio Brandao\" \/>\n<meta property=\"og:description\" content=\"A saia HIVE, de Flavio Brandao, pertence \u00e0 linha HIGH FASHION, da cole\u00e7\u00e3o F\u00d3RMULA e \u00e9 uma pe\u00e7a feita por medida.\" \/>\n<meta property=\"og:url\" content=\"https:\/\/flaviobrandaobrand.com\/en\/product\/saia-hive\/\" \/>\n<meta property=\"og:site_name\" content=\"Flavio Brandao\" \/>\n<meta property=\"article:modified_time\" content=\"2026-03-06T18:54:16+00:00\" \/>\n<meta property=\"og:image\" content=\"https:\/\/flaviobrandaobrand.com\/wp-content\/uploads\/2021\/04\/look-7-_0001_DSC09825.jpg\" \/>\n\t<meta property=\"og:image:width\" content=\"800\" \/>\n\t<meta property=\"og:image:height\" content=\"1020\" \/>\n\t<meta property=\"og:image:type\" content=\"image\/jpeg\" \/>\n<meta name=\"twitter:card\" content=\"summary_large_image\" \/>\n<meta name=\"twitter:label1\" content=\"Estimated reading time\" \/>\n\t<meta name=\"twitter:data1\" content=\"1 minute\" \/>\n<script type=\"application\/ld+json\" class=\"yoast-schema-graph\">{\"@context\":\"https:\/\/schema.org\",\"@graph\":[{\"@type\":\"WebPage\",\"@id\":\"https:\/\/flaviobrandaobrand.com\/product\/saia-hive\/\",\"url\":\"https:\/\/flaviobrandaobrand.com\/product\/saia-hive\/\",\"name\":\"Saia Hive - Flavio Brandao\",\"isPartOf\":{\"@id\":\"https:\/\/flaviobrandaobrand.com\/#website\"},\"primaryImageOfPage\":{\"@id\":\"https:\/\/flaviobrandaobrand.com\/product\/saia-hive\/#primaryimage\"},\"image\":{\"@id\":\"https:\/\/flaviobrandaobrand.com\/product\/saia-hive\/#primaryimage\"},\"thumbnailUrl\":\"https:\/\/flaviobrandaobrand.com\/wp-content\/uploads\/2021\/04\/look-7-_0001_DSC09825.jpg\",\"datePublished\":\"2021-04-21T16:58:44+00:00\",\"dateModified\":\"2026-03-06T18:54:16+00:00\",\"description\":\"A saia HIVE, de Flavio Brandao, pertence \u00e0 linha HIGH FASHION, da cole\u00e7\u00e3o F\u00d3RMULA e \u00e9 uma pe\u00e7a feita por medida.\",\"breadcrumb\":{\"@id\":\"https:\/\/flaviobrandaobrand.com\/product\/saia-hive\/#breadcrumb\"},\"inLanguage\":\"en-GB\",\"potentialAction\":[{\"@type\":\"ReadAction\",\"target\":[\"https:\/\/flaviobrandaobrand.com\/product\/saia-hive\/\"]}]},{\"@type\":\"ImageObject\",\"inLanguage\":\"en-GB\",\"@id\":\"https:\/\/flaviobrandaobrand.com\/product\/saia-hive\/#primaryimage\",\"url\":\"https:\/\/flaviobrandaobrand.com\/wp-content\/uploads\/2021\/04\/look-7-_0001_DSC09825.jpg\",\"contentUrl\":\"https:\/\/flaviobrandaobrand.com\/wp-content\/uploads\/2021\/04\/look-7-_0001_DSC09825.jpg\",\"width\":800,\"height\":1020},{\"@type\":\"BreadcrumbList\",\"@id\":\"https:\/\/flaviobrandaobrand.com\/product\/saia-hive\/#breadcrumb\",\"itemListElement\":[{\"@type\":\"ListItem\",\"position\":1,\"name\":\"In\u00edcio\",\"item\":\"https:\/\/flaviobrandaobrand.com\/\"},{\"@type\":\"ListItem\",\"position\":2,\"name\":\"Loja\",\"item\":\"https:\/\/flaviobrandaobrand.com\/flavio-brandao-loja-online\/\"},{\"@type\":\"ListItem\",\"position\":3,\"name\":\"Saia Hive\"}]},{\"@type\":\"WebSite\",\"@id\":\"https:\/\/flaviobrandaobrand.com\/#website\",\"url\":\"https:\/\/flaviobrandaobrand.com\/\",\"name\":\"Flavio Brandao\",\"description\":\"Loja Online\",\"publisher\":{\"@id\":\"https:\/\/flaviobrandaobrand.com\/#organization\"},\"potentialAction\":[{\"@type\":\"SearchAction\",\"target\":{\"@type\":\"EntryPoint\",\"urlTemplate\":\"https:\/\/flaviobrandaobrand.com\/?s={search_term_string}\"},\"query-input\":\"required name=search_term_string\"}],\"inLanguage\":\"en-GB\"},{\"@type\":\"Organization\",\"@id\":\"https:\/\/flaviobrandaobrand.com\/#organization\",\"name\":\"FLAVIO BRANDAO BRAND\",\"url\":\"https:\/\/flaviobrandaobrand.com\/\",\"logo\":{\"@type\":\"ImageObject\",\"inLanguage\":\"en-GB\",\"@id\":\"https:\/\/flaviobrandaobrand.com\/#\/schema\/logo\/image\/\",\"url\":\"https:\/\/flaviobrandaobrand.com\/wp-content\/uploads\/2021\/04\/Flavio.png\",\"contentUrl\":\"https:\/\/flaviobrandaobrand.com\/wp-content\/uploads\/2021\/04\/Flavio.png\",\"width\":1398,\"height\":288,\"caption\":\"FLAVIO BRANDAO BRAND\"},\"image\":{\"@id\":\"https:\/\/flaviobrandaobrand.com\/#\/schema\/logo\/image\/\"}}]}<\/script>\n<!-- \/ Yoast SEO plugin. -->","yoast_head_json":{"title":"Saia Hive - Flavio Brandao","description":"A saia HIVE, de Flavio Brandao, pertence \u00e0 linha HIGH FASHION, da cole\u00e7\u00e3o F\u00d3RMULA e \u00e9 uma pe\u00e7a feita por medida.","robots":{"index":"index","follow":"follow","max-snippet":"max-snippet:-1","max-image-preview":"max-image-preview:large","max-video-preview":"max-video-preview:-1"},"canonical":"https:\/\/flaviobrandaobrand.com\/en\/product\/saia-hive\/","og_locale":"en_GB","og_type":"article","og_title":"Saia Hive - Flavio Brandao","og_description":"A saia HIVE, de Flavio Brandao, pertence \u00e0 linha HIGH FASHION, da cole\u00e7\u00e3o F\u00d3RMULA e \u00e9 uma pe\u00e7a feita por medida.","og_url":"https:\/\/flaviobrandaobrand.com\/en\/product\/saia-hive\/","og_site_name":"Flavio Brandao","article_modified_time":"2026-03-06T18:54:16+00:00","og_image":[{"width":800,"height":1020,"url":"https:\/\/flaviobrandaobrand.com\/wp-content\/uploads\/2021\/04\/look-7-_0001_DSC09825.jpg","type":"image\/jpeg"}],"twitter_card":"summary_large_image","twitter_misc":{"Estimated reading time":"1 minute"},"schema":{"@context":"https:\/\/schema.org","@graph":[{"@type":"WebPage","@id":"https:\/\/flaviobrandaobrand.com\/product\/saia-hive\/","url":"https:\/\/flaviobrandaobrand.com\/product\/saia-hive\/","name":"Saia Hive - Flavio Brandao","isPartOf":{"@id":"https:\/\/flaviobrandaobrand.com\/#website"},"primaryImageOfPage":{"@id":"https:\/\/flaviobrandaobrand.com\/product\/saia-hive\/#primaryimage"},"image":{"@id":"https:\/\/flaviobrandaobrand.com\/product\/saia-hive\/#primaryimage"},"thumbnailUrl":"https:\/\/flaviobrandaobrand.com\/wp-content\/uploads\/2021\/04\/look-7-_0001_DSC09825.jpg","datePublished":"2021-04-21T16:58:44+00:00","dateModified":"2026-03-06T18:54:16+00:00","description":"A saia HIVE, de Flavio Brandao, pertence \u00e0 linha HIGH FASHION, da cole\u00e7\u00e3o F\u00d3RMULA e \u00e9 uma pe\u00e7a feita por medida.","breadcrumb":{"@id":"https:\/\/flaviobrandaobrand.com\/product\/saia-hive\/#breadcrumb"},"inLanguage":"en-GB","potentialAction":[{"@type":"ReadAction","target":["https:\/\/flaviobrandaobrand.com\/product\/saia-hive\/"]}]},{"@type":"ImageObject","inLanguage":"en-GB","@id":"https:\/\/flaviobrandaobrand.com\/product\/saia-hive\/#primaryimage","url":"https:\/\/flaviobrandaobrand.com\/wp-content\/uploads\/2021\/04\/look-7-_0001_DSC09825.jpg","contentUrl":"https:\/\/flaviobrandaobrand.com\/wp-content\/uploads\/2021\/04\/look-7-_0001_DSC09825.jpg","width":800,"height":1020},{"@type":"BreadcrumbList","@id":"https:\/\/flaviobrandaobrand.com\/product\/saia-hive\/#breadcrumb","itemListElement":[{"@type":"ListItem","position":1,"name":"In\u00edcio","item":"https:\/\/flaviobrandaobrand.com\/"},{"@type":"ListItem","position":2,"name":"Loja","item":"https:\/\/flaviobrandaobrand.com\/flavio-brandao-loja-online\/"},{"@type":"ListItem","position":3,"name":"Saia Hive"}]},{"@type":"WebSite","@id":"https:\/\/flaviobrandaobrand.com\/#website","url":"https:\/\/flaviobrandaobrand.com\/","name":"Flavio Brandao","description":"Loja Online","publisher":{"@id":"https:\/\/flaviobrandaobrand.com\/#organization"},"potentialAction":[{"@type":"SearchAction","target":{"@type":"EntryPoint","urlTemplate":"https:\/\/flaviobrandaobrand.com\/?s={search_term_string}"},"query-input":"required name=search_term_string"}],"inLanguage":"en-GB"},{"@type":"Organization","@id":"https:\/\/flaviobrandaobrand.com\/#organization","name":"FLAVIO BRANDAO BRAND","url":"https:\/\/flaviobrandaobrand.com\/","logo":{"@type":"ImageObject","inLanguage":"en-GB","@id":"https:\/\/flaviobrandaobrand.com\/#\/schema\/logo\/image\/","url":"https:\/\/flaviobrandaobrand.com\/wp-content\/uploads\/2021\/04\/Flavio.png","contentUrl":"https:\/\/flaviobrandaobrand.com\/wp-content\/uploads\/2021\/04\/Flavio.png","width":1398,"height":288,"caption":"FLAVIO BRANDAO BRAND"},"image":{"@id":"https:\/\/flaviobrandaobrand.com\/#\/schema\/logo\/image\/"}}]}},"_links":{"self":[{"href":"https:\/\/flaviobrandaobrand.com\/en\/wp-json\/wp\/v2\/product\/99542"}],"collection":[{"href":"https:\/\/flaviobrandaobrand.com\/en\/wp-json\/wp\/v2\/product"}],"about":[{"href":"https:\/\/flaviobrandaobrand.com\/en\/wp-json\/wp\/v2\/types\/product"}],"replies":[{"embeddable":true,"href":"https:\/\/flaviobrandaobrand.com\/en\/wp-json\/wp\/v2\/comments?post=99542"}],"wp:featuredmedia":[{"embeddable":true,"href":"https:\/\/flaviobrandaobrand.com\/en\/wp-json\/wp\/v2\/media\/99717"}],"wp:attachment":[{"href":"https:\/\/flaviobrandaobrand.com\/en\/wp-json\/wp\/v2\/media?parent=99542"}],"wp:term":[{"taxonomy":"product_cat","embeddable":true,"href":"https:\/\/flaviobrandaobrand.com\/en\/wp-json\/wp\/v2\/product_cat?post=99542"},{"taxonomy":"product_tag","embeddable":true,"href":"https:\/\/flaviobrandaobrand.com\/en\/wp-json\/wp\/v2\/product_tag?post=99542"}],"curies":[{"name":"wp","href":"https:\/\/api.w.org\/{rel}","templated":true}]}}