{"id":101185,"date":"2024-03-01T21:25:38","date_gmt":"2024-03-01T21:25:38","guid":{"rendered":"https:\/\/flaviobrandaobrand.com\/?post_type=product&#038;p=101185"},"modified":"2025-10-09T19:21:39","modified_gmt":"2025-10-09T19:21:39","slug":"blazer-affair","status":"publish","type":"product","link":"https:\/\/flaviobrandaobrand.com\/en\/product\/blazer-affair\/","title":{"rendered":"Blazer Affair"},"content":{"rendered":"","protected":false},"excerpt":{"rendered":"<p>apenas cinco unidades dispon\u00edveis para venda<\/p>\n<p>100% Seda<\/p>\n<p>  forro: 58% acetato 42% cupro<\/p>\n<p>fabricado em portugal<\/p>","protected":false},"featured_media":101186,"comment_status":"open","ping_status":"closed","template":"","meta":[],"product_cat":[145,99],"product_tag":[],"supplier_id":null,"supplier_sku":"","barcode":null,"atum_controlled":true,"out_stock_date":null,"out_stock_threshold":null,"inheritable":false,"inbound_stock":null,"stock_on_hold":0,"sold_today":0,"sales_last_days":0,"reserved_stock":null,"customer_returns":null,"warehouse_damage":null,"lost_in_post":null,"other_logs":null,"out_stock_days":0,"lost_sales":0,"has_location":false,"update_date":"2026-04-19T02:42:29","atum_locations":[],"atum_stock_status":"onbackorder","restock_status":false,"low_stock_amount":"","sales_update_date":"2026-04-19T02:42:29","calc_backorders":null,"yoast_head":"<!-- This site is optimized with the Yoast SEO plugin v22.4 - https:\/\/yoast.com\/wordpress\/plugins\/seo\/ -->\n<title>Blazer Affair - Flavio Brandao<\/title>\n<meta name=\"description\" content=\"Blazer Affair, uma pe\u00e7a verdadeiramente \u00fanica que exala sofistica\u00e7\u00e3o e glamour. Cada blazer \u00e9 cuidadosamente adornado com deslumbrantes pedrarias, adicionando um toque de brilho e eleg\u00e2ncia a cada movimento. Com apenas cinco unidades dispon\u00edveis para venda\" \/>\n<meta name=\"robots\" content=\"index, follow, max-snippet:-1, max-image-preview:large, max-video-preview:-1\" \/>\n<link rel=\"canonical\" href=\"https:\/\/flaviobrandaobrand.com\/en\/product\/blazer-affair\/\" \/>\n<meta property=\"og:locale\" content=\"en_GB\" \/>\n<meta property=\"og:type\" content=\"article\" \/>\n<meta property=\"og:title\" content=\"Blazer Affair - Flavio Brandao\" \/>\n<meta property=\"og:description\" content=\"Blazer Affair, uma pe\u00e7a verdadeiramente \u00fanica que exala sofistica\u00e7\u00e3o e glamour. Cada blazer \u00e9 cuidadosamente adornado com deslumbrantes pedrarias, adicionando um toque de brilho e eleg\u00e2ncia a cada movimento. Com apenas cinco unidades dispon\u00edveis para venda\" \/>\n<meta property=\"og:url\" content=\"https:\/\/flaviobrandaobrand.com\/en\/product\/blazer-affair\/\" \/>\n<meta property=\"og:site_name\" content=\"Flavio Brandao\" \/>\n<meta property=\"article:modified_time\" content=\"2025-10-09T19:21:39+00:00\" \/>\n<meta property=\"og:image\" content=\"https:\/\/flaviobrandaobrand.com\/wp-content\/uploads\/2024\/03\/image00019.png\" \/>\n\t<meta property=\"og:image:width\" content=\"1415\" \/>\n\t<meta property=\"og:image:height\" content=\"2000\" \/>\n\t<meta property=\"og:image:type\" content=\"image\/png\" \/>\n<meta name=\"twitter:card\" content=\"summary_large_image\" \/>\n<meta name=\"twitter:label1\" content=\"Estimated reading time\" \/>\n\t<meta name=\"twitter:data1\" content=\"1 minute\" \/>\n<script type=\"application\/ld+json\" class=\"yoast-schema-graph\">{\"@context\":\"https:\/\/schema.org\",\"@graph\":[{\"@type\":\"WebPage\",\"@id\":\"https:\/\/flaviobrandaobrand.com\/product\/blazer-affair\/\",\"url\":\"https:\/\/flaviobrandaobrand.com\/product\/blazer-affair\/\",\"name\":\"Blazer Affair - Flavio Brandao\",\"isPartOf\":{\"@id\":\"https:\/\/flaviobrandaobrand.com\/#website\"},\"primaryImageOfPage\":{\"@id\":\"https:\/\/flaviobrandaobrand.com\/product\/blazer-affair\/#primaryimage\"},\"image\":{\"@id\":\"https:\/\/flaviobrandaobrand.com\/product\/blazer-affair\/#primaryimage\"},\"thumbnailUrl\":\"https:\/\/flaviobrandaobrand.com\/wp-content\/uploads\/2024\/03\/image00019.png\",\"datePublished\":\"2024-03-01T21:25:38+00:00\",\"dateModified\":\"2025-10-09T19:21:39+00:00\",\"description\":\"Blazer Affair, uma pe\u00e7a verdadeiramente \u00fanica que exala sofistica\u00e7\u00e3o e glamour. Cada blazer \u00e9 cuidadosamente adornado com deslumbrantes pedrarias, adicionando um toque de brilho e eleg\u00e2ncia a cada movimento. Com apenas cinco unidades dispon\u00edveis para venda\",\"breadcrumb\":{\"@id\":\"https:\/\/flaviobrandaobrand.com\/product\/blazer-affair\/#breadcrumb\"},\"inLanguage\":\"en-GB\",\"potentialAction\":[{\"@type\":\"ReadAction\",\"target\":[\"https:\/\/flaviobrandaobrand.com\/product\/blazer-affair\/\"]}]},{\"@type\":\"ImageObject\",\"inLanguage\":\"en-GB\",\"@id\":\"https:\/\/flaviobrandaobrand.com\/product\/blazer-affair\/#primaryimage\",\"url\":\"https:\/\/flaviobrandaobrand.com\/wp-content\/uploads\/2024\/03\/image00019.png\",\"contentUrl\":\"https:\/\/flaviobrandaobrand.com\/wp-content\/uploads\/2024\/03\/image00019.png\",\"width\":1415,\"height\":2000},{\"@type\":\"BreadcrumbList\",\"@id\":\"https:\/\/flaviobrandaobrand.com\/product\/blazer-affair\/#breadcrumb\",\"itemListElement\":[{\"@type\":\"ListItem\",\"position\":1,\"name\":\"In\u00edcio\",\"item\":\"https:\/\/flaviobrandaobrand.com\/\"},{\"@type\":\"ListItem\",\"position\":2,\"name\":\"Loja\",\"item\":\"https:\/\/flaviobrandaobrand.com\/flavio-brandao-loja-online\/\"},{\"@type\":\"ListItem\",\"position\":3,\"name\":\"Blazer Affair\"}]},{\"@type\":\"WebSite\",\"@id\":\"https:\/\/flaviobrandaobrand.com\/#website\",\"url\":\"https:\/\/flaviobrandaobrand.com\/\",\"name\":\"Flavio Brandao\",\"description\":\"Loja Online\",\"publisher\":{\"@id\":\"https:\/\/flaviobrandaobrand.com\/#organization\"},\"potentialAction\":[{\"@type\":\"SearchAction\",\"target\":{\"@type\":\"EntryPoint\",\"urlTemplate\":\"https:\/\/flaviobrandaobrand.com\/?s={search_term_string}\"},\"query-input\":\"required name=search_term_string\"}],\"inLanguage\":\"en-GB\"},{\"@type\":\"Organization\",\"@id\":\"https:\/\/flaviobrandaobrand.com\/#organization\",\"name\":\"FLAVIO BRANDAO BRAND\",\"url\":\"https:\/\/flaviobrandaobrand.com\/\",\"logo\":{\"@type\":\"ImageObject\",\"inLanguage\":\"en-GB\",\"@id\":\"https:\/\/flaviobrandaobrand.com\/#\/schema\/logo\/image\/\",\"url\":\"https:\/\/flaviobrandaobrand.com\/wp-content\/uploads\/2021\/04\/Flavio.png\",\"contentUrl\":\"https:\/\/flaviobrandaobrand.com\/wp-content\/uploads\/2021\/04\/Flavio.png\",\"width\":1398,\"height\":288,\"caption\":\"FLAVIO BRANDAO BRAND\"},\"image\":{\"@id\":\"https:\/\/flaviobrandaobrand.com\/#\/schema\/logo\/image\/\"}}]}<\/script>\n<!-- \/ Yoast SEO plugin. -->","yoast_head_json":{"title":"Blazer Affair - Flavio Brandao","description":"Blazer Affair, uma pe\u00e7a verdadeiramente \u00fanica que exala sofistica\u00e7\u00e3o e glamour. Cada blazer \u00e9 cuidadosamente adornado com deslumbrantes pedrarias, adicionando um toque de brilho e eleg\u00e2ncia a cada movimento. Com apenas cinco unidades dispon\u00edveis para venda","robots":{"index":"index","follow":"follow","max-snippet":"max-snippet:-1","max-image-preview":"max-image-preview:large","max-video-preview":"max-video-preview:-1"},"canonical":"https:\/\/flaviobrandaobrand.com\/en\/product\/blazer-affair\/","og_locale":"en_GB","og_type":"article","og_title":"Blazer Affair - Flavio Brandao","og_description":"Blazer Affair, uma pe\u00e7a verdadeiramente \u00fanica que exala sofistica\u00e7\u00e3o e glamour. Cada blazer \u00e9 cuidadosamente adornado com deslumbrantes pedrarias, adicionando um toque de brilho e eleg\u00e2ncia a cada movimento. Com apenas cinco unidades dispon\u00edveis para venda","og_url":"https:\/\/flaviobrandaobrand.com\/en\/product\/blazer-affair\/","og_site_name":"Flavio Brandao","article_modified_time":"2025-10-09T19:21:39+00:00","og_image":[{"width":1415,"height":2000,"url":"https:\/\/flaviobrandaobrand.com\/wp-content\/uploads\/2024\/03\/image00019.png","type":"image\/png"}],"twitter_card":"summary_large_image","twitter_misc":{"Estimated reading time":"1 minute"},"schema":{"@context":"https:\/\/schema.org","@graph":[{"@type":"WebPage","@id":"https:\/\/flaviobrandaobrand.com\/product\/blazer-affair\/","url":"https:\/\/flaviobrandaobrand.com\/product\/blazer-affair\/","name":"Blazer Affair - Flavio Brandao","isPartOf":{"@id":"https:\/\/flaviobrandaobrand.com\/#website"},"primaryImageOfPage":{"@id":"https:\/\/flaviobrandaobrand.com\/product\/blazer-affair\/#primaryimage"},"image":{"@id":"https:\/\/flaviobrandaobrand.com\/product\/blazer-affair\/#primaryimage"},"thumbnailUrl":"https:\/\/flaviobrandaobrand.com\/wp-content\/uploads\/2024\/03\/image00019.png","datePublished":"2024-03-01T21:25:38+00:00","dateModified":"2025-10-09T19:21:39+00:00","description":"Blazer Affair, uma pe\u00e7a verdadeiramente \u00fanica que exala sofistica\u00e7\u00e3o e glamour. Cada blazer \u00e9 cuidadosamente adornado com deslumbrantes pedrarias, adicionando um toque de brilho e eleg\u00e2ncia a cada movimento. Com apenas cinco unidades dispon\u00edveis para venda","breadcrumb":{"@id":"https:\/\/flaviobrandaobrand.com\/product\/blazer-affair\/#breadcrumb"},"inLanguage":"en-GB","potentialAction":[{"@type":"ReadAction","target":["https:\/\/flaviobrandaobrand.com\/product\/blazer-affair\/"]}]},{"@type":"ImageObject","inLanguage":"en-GB","@id":"https:\/\/flaviobrandaobrand.com\/product\/blazer-affair\/#primaryimage","url":"https:\/\/flaviobrandaobrand.com\/wp-content\/uploads\/2024\/03\/image00019.png","contentUrl":"https:\/\/flaviobrandaobrand.com\/wp-content\/uploads\/2024\/03\/image00019.png","width":1415,"height":2000},{"@type":"BreadcrumbList","@id":"https:\/\/flaviobrandaobrand.com\/product\/blazer-affair\/#breadcrumb","itemListElement":[{"@type":"ListItem","position":1,"name":"In\u00edcio","item":"https:\/\/flaviobrandaobrand.com\/"},{"@type":"ListItem","position":2,"name":"Loja","item":"https:\/\/flaviobrandaobrand.com\/flavio-brandao-loja-online\/"},{"@type":"ListItem","position":3,"name":"Blazer Affair"}]},{"@type":"WebSite","@id":"https:\/\/flaviobrandaobrand.com\/#website","url":"https:\/\/flaviobrandaobrand.com\/","name":"Flavio Brandao","description":"Loja Online","publisher":{"@id":"https:\/\/flaviobrandaobrand.com\/#organization"},"potentialAction":[{"@type":"SearchAction","target":{"@type":"EntryPoint","urlTemplate":"https:\/\/flaviobrandaobrand.com\/?s={search_term_string}"},"query-input":"required name=search_term_string"}],"inLanguage":"en-GB"},{"@type":"Organization","@id":"https:\/\/flaviobrandaobrand.com\/#organization","name":"FLAVIO BRANDAO BRAND","url":"https:\/\/flaviobrandaobrand.com\/","logo":{"@type":"ImageObject","inLanguage":"en-GB","@id":"https:\/\/flaviobrandaobrand.com\/#\/schema\/logo\/image\/","url":"https:\/\/flaviobrandaobrand.com\/wp-content\/uploads\/2021\/04\/Flavio.png","contentUrl":"https:\/\/flaviobrandaobrand.com\/wp-content\/uploads\/2021\/04\/Flavio.png","width":1398,"height":288,"caption":"FLAVIO BRANDAO BRAND"},"image":{"@id":"https:\/\/flaviobrandaobrand.com\/#\/schema\/logo\/image\/"}}]}},"_links":{"self":[{"href":"https:\/\/flaviobrandaobrand.com\/en\/wp-json\/wp\/v2\/product\/101185"}],"collection":[{"href":"https:\/\/flaviobrandaobrand.com\/en\/wp-json\/wp\/v2\/product"}],"about":[{"href":"https:\/\/flaviobrandaobrand.com\/en\/wp-json\/wp\/v2\/types\/product"}],"replies":[{"embeddable":true,"href":"https:\/\/flaviobrandaobrand.com\/en\/wp-json\/wp\/v2\/comments?post=101185"}],"wp:featuredmedia":[{"embeddable":true,"href":"https:\/\/flaviobrandaobrand.com\/en\/wp-json\/wp\/v2\/media\/101186"}],"wp:attachment":[{"href":"https:\/\/flaviobrandaobrand.com\/en\/wp-json\/wp\/v2\/media?parent=101185"}],"wp:term":[{"taxonomy":"product_cat","embeddable":true,"href":"https:\/\/flaviobrandaobrand.com\/en\/wp-json\/wp\/v2\/product_cat?post=101185"},{"taxonomy":"product_tag","embeddable":true,"href":"https:\/\/flaviobrandaobrand.com\/en\/wp-json\/wp\/v2\/product_tag?post=101185"}],"curies":[{"name":"wp","href":"https:\/\/api.w.org\/{rel}","templated":true}]}}