{"id":99976,"date":"2021-05-11T14:11:08","date_gmt":"2021-05-11T14:11:08","guid":{"rendered":"https:\/\/flaviobrandaobrand.com\/?page_id=99976"},"modified":"2021-08-18T14:47:30","modified_gmt":"2021-08-18T14:47:30","slug":"high-fashion","status":"publish","type":"page","link":"https:\/\/flaviobrandaobrand.com\/en\/high-fashion\/","title":{"rendered":"HIGH FASHION"},"content":{"rendered":"<section data-vc-full-width=\"true\" data-vc-full-width-init=\"false\" data-vc-stretch-content=\"true\" class=\"vc_row wpb_row vc_row-fluid  vc_custom_1620743388013   hongo-stretch-content vc_row-no-padding hongo-stretch-content-fluid\"><div class=\"wpb_column vc_column_container col-xs-mobile-fullwidth vc_col-sm-12\"><div class=\"vc_column-inner\"><div class=\"wpb_wrapper\"><h2 style=\"font-size: 20px;color: #0a0a0a;text-align: center\" class=\"vc_custom_heading\" ><b>Made-to-measure product.<\/b><\/h2><div class=\"text-block-content hongo-text-block-1 last-paragraph-no-margin\"><p style=\"text-align: center;\"><span style=\"color: #000000;\">When you buy an item from the HIGH collection you are buying an item made to measure.<br \/>\nAfter purchasing the item, a visit from a Fl\u00e1vio Brand\u00e3o brand professional will be scheduled to remove your measurements and for later tests of the piece.<br \/>\nFinishing the preparation of your article, we will surprise you with a personalized delivery!<br \/>\nIf you have any questions or concerns in the process you can contact us through the following email: help@flaviobrandaobrand.com<\/span><\/p>\n<\/div><\/div><\/div><\/div><\/section><div class=\"vc_row-full-width vc_clearfix\"><\/div><section class=\"vc_row wpb_row vc_row-fluid  vc_custom_1620742706923\"><div class=\"wpb_column vc_column_container col-xs-mobile-fullwidth vc_col-sm-12\"><div class=\"vc_column-inner\"><div class=\"wpb_wrapper\"><div class=\"woocommerce columns-4\"><ul class=\"products columns-4 hongo-shop-masonry hongo-shop-common-isotope hongo-product-list-common-wrap hongo-shop-col-4 hongo-shop-md-col-3 hongo-shop-sm-col-3 hongo-shop-xs-col-2 gutter-small hongo-buttons-4 hongo-text-center\" data-col=\"4\">\n\t\t\t<li class=\"grid-sizer\"><\/li>\n\t\t<li class=\"product type-product post-99542 status-publish first outofstock product_cat-high-fashion product_cat-saia-hight-fashion has-post-thumbnail taxable shipping-taxable purchasable product-type-simple\">\n\t\t\t<div class=\"product-thumb-wrap\">\n\t\t<a href=\"https:\/\/flaviobrandaobrand.com\/en\/product\/saia-hive\/\" class=\"woocommerce-LoopProduct-link woocommerce-loop-product__link\">\t<div class=\"sale-new-wrap\">\n\t\t\t\t\t\t\t\t\t<span class=\"soldout alt-font\">Sold!<\/span>\t\t\t\t\t\t\t\t<\/div>\n<img width=\"360\" height=\"459\" src=\"https:\/\/flaviobrandaobrand.com\/wp-content\/uploads\/2021\/04\/look-7-_0001_DSC09825-360x459.jpg\" class=\"attachment-woocommerce_thumbnail size-woocommerce_thumbnail\" alt=\"\" loading=\"lazy\" srcset=\"https:\/\/flaviobrandaobrand.com\/wp-content\/uploads\/2021\/04\/look-7-_0001_DSC09825-360x459.jpg 360w, https:\/\/flaviobrandaobrand.com\/wp-content\/uploads\/2021\/04\/look-7-_0001_DSC09825-235x300.jpg 235w, https:\/\/flaviobrandaobrand.com\/wp-content\/uploads\/2021\/04\/look-7-_0001_DSC09825-768x979.jpg 768w, https:\/\/flaviobrandaobrand.com\/wp-content\/uploads\/2021\/04\/look-7-_0001_DSC09825-9x12.jpg 9w, https:\/\/flaviobrandaobrand.com\/wp-content\/uploads\/2021\/04\/look-7-_0001_DSC09825-84x107.jpg 84w, https:\/\/flaviobrandaobrand.com\/wp-content\/uploads\/2021\/04\/look-7-_0001_DSC09825-200x255.jpg 200w, https:\/\/flaviobrandaobrand.com\/wp-content\/uploads\/2021\/04\/look-7-_0001_DSC09825-450x574.jpg 450w, https:\/\/flaviobrandaobrand.com\/wp-content\/uploads\/2021\/04\/look-7-_0001_DSC09825-600x765.jpg 600w, https:\/\/flaviobrandaobrand.com\/wp-content\/uploads\/2021\/04\/look-7-_0001_DSC09825-620x790.jpg 620w, https:\/\/flaviobrandaobrand.com\/wp-content\/uploads\/2021\/04\/look-7-_0001_DSC09825.jpg 800w\" sizes=\"(max-width: 360px) 100vw, 360px\" \/><div class=\"product-overlay\"><\/div><\/a>\t\t\t\t<div class=\"product-buttons-wrap\" data-tooltip-position=\"right\">\n\t\t\t\t\t<a href=\"https:\/\/flaviobrandaobrand.com\/en\/product\/saia-hive\/\" data-quantity=\"1\" class=\"alt-font hongo-loop-product-button button product_type_simple\" data-product_id=\"99542\" data-product_sku=\"sa01\" aria-label=\"Read more about \u201cSaia Hive\u201d\" aria-describedby=\"\" rel=\"nofollow\" data-no-translation-aria-label=\"\"><i class=\"icon-notebook\" title=\"Read more\" data-no-translation-title=\"\"><\/i><span class=\"add-to-cart-text button-text\" data-no-translation=\"\" data-trp-gettext=\"\">Read more<\/span><\/a><a rel=\"nofollow\" href=\"javascript:void(0);\" data-product_id=\"99542\" class=\"alt-font button hongo-quick-view\"><i class=\"icon-eye icons\" title=\"Quick View\"><\/i><span class=\"quick-view-text button-text\">Quick View<\/span><\/a><a rel=\"nofollow\" href=\"javascript:void(0);\" data-product_id=\"99542\" class=\"alt-font button product_type_simple hongo-wishlist hongo-wishlist-add\"><i class=\"icon-heart\" title=\"Add to Wishlist\"><\/i><span class=\"wish-list-text button-text\">Add to Wishlist<\/span><\/a>\n\t\t\t\t<\/div><!-- .product-buttons-wrap -->\n\t\t\t\t<\/div><!-- .product-thumb-wrap -->\n\t<div class=\"product-title-price-wrap\">\n\t\t<a href=\"https:\/\/flaviobrandaobrand.com\/en\/product\/saia-hive\/\" class=\"hongo-LoopProduct-link\">\n\t\t\t<h2 class=\"woocommerce-loop-product__title\">Hive skirt<\/h2>\n\t\t<\/a>\n\t\t\n\t<span class=\"price\"><span class=\"woocommerce-Price-amount amount\"><bdi><span class=\"woocommerce-Price-currencySymbol\">&euro;<\/span>941<\/bdi><\/span><\/span>\n<div class=\"hongo-rich-snippet display-none\"><span class=\"entry-title\">Hive skirt<\/span><span class=\"author vcard\"><a class=\"url fn n\" href=\"https:\/\/flaviobrandaobrand.com\/en\/author\/webmateria\/\">webmateria<\/a><\/span><span class=\"published\">21 de April, 2021<\/span><time class=\"updated\" datetime=\"2026-03-06T18:54:16+00:00\">6 de March, 2026<\/time><\/div>\t<\/div><!-- .product-title-price-wrap -->\n\t<\/li>\n\t<li class=\"product type-product post-99953 status-publish instock product_cat-high-fashion product_cat-mulher product_cat-vestido-hight-fashion has-post-thumbnail taxable shipping-taxable purchasable product-type-simple\">\n\t\t\t<div class=\"product-thumb-wrap\">\n\t\t<a href=\"https:\/\/flaviobrandaobrand.com\/en\/product\/vestido-queen-bee\/\" class=\"woocommerce-LoopProduct-link woocommerce-loop-product__link\"><img width=\"360\" height=\"459\" src=\"https:\/\/flaviobrandaobrand.com\/wp-content\/uploads\/2021\/05\/vestido-de-tule__0003_DSC05012-360x459.jpg\" class=\"attachment-woocommerce_thumbnail size-woocommerce_thumbnail\" alt=\"\" loading=\"lazy\" srcset=\"https:\/\/flaviobrandaobrand.com\/wp-content\/uploads\/2021\/05\/vestido-de-tule__0003_DSC05012-360x459.jpg 360w, https:\/\/flaviobrandaobrand.com\/wp-content\/uploads\/2021\/05\/vestido-de-tule__0003_DSC05012-235x300.jpg 235w, https:\/\/flaviobrandaobrand.com\/wp-content\/uploads\/2021\/05\/vestido-de-tule__0003_DSC05012-768x979.jpg 768w, https:\/\/flaviobrandaobrand.com\/wp-content\/uploads\/2021\/05\/vestido-de-tule__0003_DSC05012-9x12.jpg 9w, https:\/\/flaviobrandaobrand.com\/wp-content\/uploads\/2021\/05\/vestido-de-tule__0003_DSC05012-84x107.jpg 84w, https:\/\/flaviobrandaobrand.com\/wp-content\/uploads\/2021\/05\/vestido-de-tule__0003_DSC05012-200x255.jpg 200w, https:\/\/flaviobrandaobrand.com\/wp-content\/uploads\/2021\/05\/vestido-de-tule__0003_DSC05012-450x574.jpg 450w, https:\/\/flaviobrandaobrand.com\/wp-content\/uploads\/2021\/05\/vestido-de-tule__0003_DSC05012-600x765.jpg 600w, https:\/\/flaviobrandaobrand.com\/wp-content\/uploads\/2021\/05\/vestido-de-tule__0003_DSC05012-620x790.jpg 620w, https:\/\/flaviobrandaobrand.com\/wp-content\/uploads\/2021\/05\/vestido-de-tule__0003_DSC05012.jpg 800w\" sizes=\"(max-width: 360px) 100vw, 360px\" \/><div class=\"product-overlay\"><\/div><\/a>\t\t\t\t<div class=\"product-buttons-wrap\" data-tooltip-position=\"right\">\n\t\t\t\t\t<a href=\"?add-to-cart=99953\" data-quantity=\"1\" class=\"alt-font hongo-loop-product-button button product_type_simple add_to_cart_button ajax_add_to_cart\" data-product_id=\"99953\" data-product_sku=\"v01-hf\" aria-label=\"Add to basket: \u201cVestido Queen Bee\u201d\" aria-describedby=\"\" rel=\"nofollow\" data-no-translation-aria-label=\"\"><i class=\"icon-basket\" title=\"Add to cart\" data-no-translation-title=\"\"><\/i><span class=\"add-to-cart-text button-text\" data-no-translation=\"\" data-trp-gettext=\"\">Add to cart<\/span><\/a><a rel=\"nofollow\" href=\"javascript:void(0);\" data-product_id=\"99953\" class=\"alt-font button hongo-quick-view\"><i class=\"icon-eye icons\" title=\"Quick View\"><\/i><span class=\"quick-view-text button-text\">Quick View<\/span><\/a><a rel=\"nofollow\" href=\"javascript:void(0);\" data-product_id=\"99953\" class=\"alt-font button product_type_simple hongo-wishlist hongo-wishlist-add\"><i class=\"icon-heart\" title=\"Add to Wishlist\"><\/i><span class=\"wish-list-text button-text\">Add to Wishlist<\/span><\/a>\n\t\t\t\t<\/div><!-- .product-buttons-wrap -->\n\t\t\t\t<\/div><!-- .product-thumb-wrap -->\n\t<div class=\"product-title-price-wrap\">\n\t\t<a href=\"https:\/\/flaviobrandaobrand.com\/en\/product\/vestido-queen-bee\/\" class=\"hongo-LoopProduct-link\">\n\t\t\t<h2 class=\"woocommerce-loop-product__title\">Queen Bee Dress<\/h2>\n\t\t<\/a>\n\t\t\n\t<span class=\"price\"><span class=\"woocommerce-Price-amount amount\"><bdi><span class=\"woocommerce-Price-currencySymbol\">&euro;<\/span>7,319<\/bdi><\/span><\/span>\n<div class=\"hongo-rich-snippet display-none\"><span class=\"entry-title\">Queen Bee Dress<\/span><span class=\"author vcard\"><a class=\"url fn n\" href=\"https:\/\/flaviobrandaobrand.com\/en\/author\/webmateria\/\">webmateria<\/a><\/span><span class=\"published\">5 de May, 2021<\/span><time class=\"updated\" datetime=\"2021-06-22T09:31:41+00:00\">22 de June, 2021<\/time><\/div>\t<\/div><!-- .product-title-price-wrap -->\n\t<\/li>\n\t<\/ul>\n<\/div><\/div><\/div><\/div><\/section>","protected":false},"excerpt":{"rendered":"Pe\u00e7as confecionadas por medida.Ao comprar um artigo da cole\u00e7\u00e3o HIGH est\u00e1 a comprar um artigo feito \u00e0 sua medida. Ap\u00f3s realizar a compra do artigo, ir\u00e1 ser agendada consigo a visita de um profissional da Flavio Brandao Brand, para retirar as suas medidas e para posteriores provas da pe\u00e7a. Finalizando a confe\u00e7\u00e3o do seu artigo, iremos surpreend\u00ea-lo com uma entrega personalizada! Se tiver alguma d\u00favida ou quest\u00e3o no processo pode contactar-nos atrav\u00e9s do seguinte email: help@flaviobrandaobrand.com Sold! Read moreQuick ViewAdd to Wishlist Saia Hive &euro;941 Saia Hivewebmateria21 de April, 20216 de March, 2026 Add to cartQuick ViewAdd to Wishlist Vestido Queen Bee &euro;7,319 Vestido Queen Beewebmateria5 de May, 202122 de June, 2021","protected":false},"author":1,"featured_media":0,"parent":0,"menu_order":0,"comment_status":"closed","ping_status":"open","template":"","meta":[],"yoast_head":"<!-- This site is optimized with the Yoast SEO plugin v22.4 - https:\/\/yoast.com\/wordpress\/plugins\/seo\/ -->\n<title>HIGH FASHION - artigos confecionados por medida<\/title>\n<meta name=\"description\" content=\"A linha HIGH FASHION da FLAVIO BRANDAO BRAND, incluiu um conjunto de pe\u00e7as confecionadas por medida. Com envios e apoio personalizado.\" \/>\n<meta name=\"robots\" content=\"index, follow, max-snippet:-1, max-image-preview:large, max-video-preview:-1\" \/>\n<link rel=\"canonical\" href=\"https:\/\/flaviobrandaobrand.com\/en\/high-fashion\/\" \/>\n<meta property=\"og:locale\" content=\"en_GB\" \/>\n<meta property=\"og:type\" content=\"article\" \/>\n<meta property=\"og:title\" content=\"HIGH FASHION - artigos confecionados por medida\" \/>\n<meta property=\"og:description\" content=\"A linha HIGH FASHION da FLAVIO BRANDAO BRAND, incluiu um conjunto de pe\u00e7as confecionadas por medida. Com envios e apoio personalizado.\" \/>\n<meta property=\"og:url\" content=\"https:\/\/flaviobrandaobrand.com\/en\/high-fashion\/\" \/>\n<meta property=\"og:site_name\" content=\"Flavio Brandao\" \/>\n<meta property=\"article:modified_time\" content=\"2021-08-18T14:47:30+00:00\" \/>\n<meta name=\"twitter:card\" content=\"summary_large_image\" \/>\n<meta name=\"twitter:label1\" content=\"Estimated reading time\" \/>\n\t<meta name=\"twitter:data1\" content=\"1 minute\" \/>\n<script type=\"application\/ld+json\" class=\"yoast-schema-graph\">{\"@context\":\"https:\/\/schema.org\",\"@graph\":[{\"@type\":\"WebPage\",\"@id\":\"https:\/\/flaviobrandaobrand.com\/high-fashion\/\",\"url\":\"https:\/\/flaviobrandaobrand.com\/high-fashion\/\",\"name\":\"HIGH FASHION - artigos confecionados por medida\",\"isPartOf\":{\"@id\":\"https:\/\/flaviobrandaobrand.com\/#website\"},\"datePublished\":\"2021-05-11T14:11:08+00:00\",\"dateModified\":\"2021-08-18T14:47:30+00:00\",\"description\":\"A linha HIGH FASHION da FLAVIO BRANDAO BRAND, incluiu um conjunto de pe\u00e7as confecionadas por medida. Com envios e apoio personalizado.\",\"breadcrumb\":{\"@id\":\"https:\/\/flaviobrandaobrand.com\/high-fashion\/#breadcrumb\"},\"inLanguage\":\"en-GB\",\"potentialAction\":[{\"@type\":\"ReadAction\",\"target\":[\"https:\/\/flaviobrandaobrand.com\/high-fashion\/\"]}]},{\"@type\":\"BreadcrumbList\",\"@id\":\"https:\/\/flaviobrandaobrand.com\/high-fashion\/#breadcrumb\",\"itemListElement\":[{\"@type\":\"ListItem\",\"position\":1,\"name\":\"In\u00edcio\",\"item\":\"https:\/\/flaviobrandaobrand.com\/\"},{\"@type\":\"ListItem\",\"position\":2,\"name\":\"HIGH FASHION\"}]},{\"@type\":\"WebSite\",\"@id\":\"https:\/\/flaviobrandaobrand.com\/#website\",\"url\":\"https:\/\/flaviobrandaobrand.com\/\",\"name\":\"Flavio Brandao\",\"description\":\"Loja Online\",\"publisher\":{\"@id\":\"https:\/\/flaviobrandaobrand.com\/#organization\"},\"potentialAction\":[{\"@type\":\"SearchAction\",\"target\":{\"@type\":\"EntryPoint\",\"urlTemplate\":\"https:\/\/flaviobrandaobrand.com\/?s={search_term_string}\"},\"query-input\":\"required name=search_term_string\"}],\"inLanguage\":\"en-GB\"},{\"@type\":\"Organization\",\"@id\":\"https:\/\/flaviobrandaobrand.com\/#organization\",\"name\":\"FLAVIO BRANDAO BRAND\",\"url\":\"https:\/\/flaviobrandaobrand.com\/\",\"logo\":{\"@type\":\"ImageObject\",\"inLanguage\":\"en-GB\",\"@id\":\"https:\/\/flaviobrandaobrand.com\/#\/schema\/logo\/image\/\",\"url\":\"https:\/\/flaviobrandaobrand.com\/wp-content\/uploads\/2021\/04\/Flavio.png\",\"contentUrl\":\"https:\/\/flaviobrandaobrand.com\/wp-content\/uploads\/2021\/04\/Flavio.png\",\"width\":1398,\"height\":288,\"caption\":\"FLAVIO BRANDAO BRAND\"},\"image\":{\"@id\":\"https:\/\/flaviobrandaobrand.com\/#\/schema\/logo\/image\/\"}}]}<\/script>\n<!-- \/ Yoast SEO plugin. -->","yoast_head_json":{"title":"HIGH FASHION - artigos confecionados por medida","description":"A linha HIGH FASHION da FLAVIO BRANDAO BRAND, incluiu um conjunto de pe\u00e7as confecionadas por medida. Com envios e apoio personalizado.","robots":{"index":"index","follow":"follow","max-snippet":"max-snippet:-1","max-image-preview":"max-image-preview:large","max-video-preview":"max-video-preview:-1"},"canonical":"https:\/\/flaviobrandaobrand.com\/en\/high-fashion\/","og_locale":"en_GB","og_type":"article","og_title":"HIGH FASHION - artigos confecionados por medida","og_description":"A linha HIGH FASHION da FLAVIO BRANDAO BRAND, incluiu um conjunto de pe\u00e7as confecionadas por medida. Com envios e apoio personalizado.","og_url":"https:\/\/flaviobrandaobrand.com\/en\/high-fashion\/","og_site_name":"Flavio Brandao","article_modified_time":"2021-08-18T14:47:30+00:00","twitter_card":"summary_large_image","twitter_misc":{"Estimated reading time":"1 minute"},"schema":{"@context":"https:\/\/schema.org","@graph":[{"@type":"WebPage","@id":"https:\/\/flaviobrandaobrand.com\/high-fashion\/","url":"https:\/\/flaviobrandaobrand.com\/high-fashion\/","name":"HIGH FASHION - artigos confecionados por medida","isPartOf":{"@id":"https:\/\/flaviobrandaobrand.com\/#website"},"datePublished":"2021-05-11T14:11:08+00:00","dateModified":"2021-08-18T14:47:30+00:00","description":"A linha HIGH FASHION da FLAVIO BRANDAO BRAND, incluiu um conjunto de pe\u00e7as confecionadas por medida. Com envios e apoio personalizado.","breadcrumb":{"@id":"https:\/\/flaviobrandaobrand.com\/high-fashion\/#breadcrumb"},"inLanguage":"en-GB","potentialAction":[{"@type":"ReadAction","target":["https:\/\/flaviobrandaobrand.com\/high-fashion\/"]}]},{"@type":"BreadcrumbList","@id":"https:\/\/flaviobrandaobrand.com\/high-fashion\/#breadcrumb","itemListElement":[{"@type":"ListItem","position":1,"name":"In\u00edcio","item":"https:\/\/flaviobrandaobrand.com\/"},{"@type":"ListItem","position":2,"name":"HIGH FASHION"}]},{"@type":"WebSite","@id":"https:\/\/flaviobrandaobrand.com\/#website","url":"https:\/\/flaviobrandaobrand.com\/","name":"Flavio Brandao","description":"Loja Online","publisher":{"@id":"https:\/\/flaviobrandaobrand.com\/#organization"},"potentialAction":[{"@type":"SearchAction","target":{"@type":"EntryPoint","urlTemplate":"https:\/\/flaviobrandaobrand.com\/?s={search_term_string}"},"query-input":"required name=search_term_string"}],"inLanguage":"en-GB"},{"@type":"Organization","@id":"https:\/\/flaviobrandaobrand.com\/#organization","name":"FLAVIO BRANDAO BRAND","url":"https:\/\/flaviobrandaobrand.com\/","logo":{"@type":"ImageObject","inLanguage":"en-GB","@id":"https:\/\/flaviobrandaobrand.com\/#\/schema\/logo\/image\/","url":"https:\/\/flaviobrandaobrand.com\/wp-content\/uploads\/2021\/04\/Flavio.png","contentUrl":"https:\/\/flaviobrandaobrand.com\/wp-content\/uploads\/2021\/04\/Flavio.png","width":1398,"height":288,"caption":"FLAVIO BRANDAO BRAND"},"image":{"@id":"https:\/\/flaviobrandaobrand.com\/#\/schema\/logo\/image\/"}}]}},"_links":{"self":[{"href":"https:\/\/flaviobrandaobrand.com\/en\/wp-json\/wp\/v2\/pages\/99976"}],"collection":[{"href":"https:\/\/flaviobrandaobrand.com\/en\/wp-json\/wp\/v2\/pages"}],"about":[{"href":"https:\/\/flaviobrandaobrand.com\/en\/wp-json\/wp\/v2\/types\/page"}],"author":[{"embeddable":true,"href":"https:\/\/flaviobrandaobrand.com\/en\/wp-json\/wp\/v2\/users\/1"}],"replies":[{"embeddable":true,"href":"https:\/\/flaviobrandaobrand.com\/en\/wp-json\/wp\/v2\/comments?post=99976"}],"version-history":[{"count":17,"href":"https:\/\/flaviobrandaobrand.com\/en\/wp-json\/wp\/v2\/pages\/99976\/revisions"}],"predecessor-version":[{"id":101279,"href":"https:\/\/flaviobrandaobrand.com\/en\/wp-json\/wp\/v2\/pages\/99976\/revisions\/101279"}],"wp:attachment":[{"href":"https:\/\/flaviobrandaobrand.com\/en\/wp-json\/wp\/v2\/media?parent=99976"}],"curies":[{"name":"wp","href":"https:\/\/api.w.org\/{rel}","templated":true}]}}