{"id":99591,"date":"2021-04-27T16:28:10","date_gmt":"2021-04-27T16:28:10","guid":{"rendered":"https:\/\/flaviobrandaobrand.com\/?page_id=99591"},"modified":"2021-05-13T10:07:36","modified_gmt":"2021-05-13T10:07:36","slug":"ral","status":"publish","type":"page","link":"https:\/\/flaviobrandaobrand.com\/en\/ral\/","title":{"rendered":"RAL"},"content":{"rendered":"<section class=\"vc_row wpb_row vc_row-fluid\"><div class=\"wpb_column vc_column_container col-xs-mobile-fullwidth vc_col-sm-12\"><div class=\"vc_column-inner\"><div class=\"wpb_wrapper\"><div class=\"text-block-content hongo-text-block-1 last-paragraph-no-margin\"><p>FLAVIO BRANDAO Online Store is open 24 hours a day, every day of the year.<\/p>\n<p>In the event of a dispute, the consumer may resort to an Alternative Consumer Dispute Resolution (ADR) entity. Alternative Consumer Dispute Resolution (ADR) entities are the entities authorized to mediate, conciliate and arbitrate consumer disputes in Portugal that are registered in the list of ADR entities provided by Law No. 144\/2015.<\/p>\n<p>R. Dom Afonso Henriques n\u00ba 1<br \/>\n4700-030 Braga<br \/>\nWeb: www.ciab.pt<\/p>\n<\/div><\/div><\/div><\/div><\/section>","protected":false},"excerpt":{"rendered":"A FLAVIO BRANDAO Online Store est\u00e1 aberta 24 horas, todos os dias do ano. Em caso de lit\u00edgio o consumidor pode recorrer a uma entidade de Resolu\u00e7\u00e3o Alternativa de Lit\u00edgios de Consumo (RAL). As entidades de Resolu\u00e7\u00e3o Alternativa de Lit\u00edgios de Consumo (RAL) s\u00e3o as entidades autorizadas a efetuar a media\u00e7\u00e3o, concilia\u00e7\u00e3o e arbitragem de lit\u00edgios de consumo em Portugal que estejam inscritas na lista de entidades RAL prevista pela Lei n.\u00ba 144\/2015. R. Dom Afonso Henriques n\u00ba 1 4700-030 Braga Web: www.ciab.pt","protected":false},"author":1,"featured_media":0,"parent":0,"menu_order":0,"comment_status":"closed","ping_status":"open","template":"","meta":[],"yoast_head":"<!-- This site is optimized with the Yoast SEO plugin v22.4 - https:\/\/yoast.com\/wordpress\/plugins\/seo\/ -->\n<title>RAL - Flavio Brandao<\/title>\n<meta name=\"robots\" content=\"index, follow, max-snippet:-1, max-image-preview:large, max-video-preview:-1\" \/>\n<link rel=\"canonical\" href=\"https:\/\/flaviobrandaobrand.com\/en\/ral\/\" \/>\n<meta property=\"og:locale\" content=\"en_GB\" \/>\n<meta property=\"og:type\" content=\"article\" \/>\n<meta property=\"og:title\" content=\"RAL - Flavio Brandao\" \/>\n<meta property=\"og:url\" content=\"https:\/\/flaviobrandaobrand.com\/en\/ral\/\" \/>\n<meta property=\"og:site_name\" content=\"Flavio Brandao\" \/>\n<meta property=\"article:modified_time\" content=\"2021-05-13T10:07:36+00:00\" \/>\n<meta name=\"twitter:card\" content=\"summary_large_image\" \/>\n<meta name=\"twitter:label1\" content=\"Estimated reading time\" \/>\n\t<meta name=\"twitter:data1\" content=\"1 minute\" \/>\n<script type=\"application\/ld+json\" class=\"yoast-schema-graph\">{\"@context\":\"https:\/\/schema.org\",\"@graph\":[{\"@type\":\"WebPage\",\"@id\":\"https:\/\/flaviobrandaobrand.com\/en\/ral\/\",\"url\":\"https:\/\/flaviobrandaobrand.com\/en\/ral\/\",\"name\":\"RAL - Flavio Brandao\",\"isPartOf\":{\"@id\":\"https:\/\/flaviobrandaobrand.com\/#website\"},\"datePublished\":\"2021-04-27T16:28:10+00:00\",\"dateModified\":\"2021-05-13T10:07:36+00:00\",\"breadcrumb\":{\"@id\":\"https:\/\/flaviobrandaobrand.com\/en\/ral\/#breadcrumb\"},\"inLanguage\":\"en-GB\",\"potentialAction\":[{\"@type\":\"ReadAction\",\"target\":[\"https:\/\/flaviobrandaobrand.com\/en\/ral\/\"]}]},{\"@type\":\"BreadcrumbList\",\"@id\":\"https:\/\/flaviobrandaobrand.com\/en\/ral\/#breadcrumb\",\"itemListElement\":[{\"@type\":\"ListItem\",\"position\":1,\"name\":\"In\u00edcio\",\"item\":\"https:\/\/flaviobrandaobrand.com\/\"},{\"@type\":\"ListItem\",\"position\":2,\"name\":\"RAL\"}]},{\"@type\":\"WebSite\",\"@id\":\"https:\/\/flaviobrandaobrand.com\/#website\",\"url\":\"https:\/\/flaviobrandaobrand.com\/\",\"name\":\"Flavio Brandao\",\"description\":\"Loja Online\",\"publisher\":{\"@id\":\"https:\/\/flaviobrandaobrand.com\/#organization\"},\"potentialAction\":[{\"@type\":\"SearchAction\",\"target\":{\"@type\":\"EntryPoint\",\"urlTemplate\":\"https:\/\/flaviobrandaobrand.com\/?s={search_term_string}\"},\"query-input\":\"required name=search_term_string\"}],\"inLanguage\":\"en-GB\"},{\"@type\":\"Organization\",\"@id\":\"https:\/\/flaviobrandaobrand.com\/#organization\",\"name\":\"FLAVIO BRANDAO BRAND\",\"url\":\"https:\/\/flaviobrandaobrand.com\/\",\"logo\":{\"@type\":\"ImageObject\",\"inLanguage\":\"en-GB\",\"@id\":\"https:\/\/flaviobrandaobrand.com\/#\/schema\/logo\/image\/\",\"url\":\"https:\/\/flaviobrandaobrand.com\/wp-content\/uploads\/2021\/04\/Flavio.png\",\"contentUrl\":\"https:\/\/flaviobrandaobrand.com\/wp-content\/uploads\/2021\/04\/Flavio.png\",\"width\":1398,\"height\":288,\"caption\":\"FLAVIO BRANDAO BRAND\"},\"image\":{\"@id\":\"https:\/\/flaviobrandaobrand.com\/#\/schema\/logo\/image\/\"}}]}<\/script>\n<!-- \/ Yoast SEO plugin. -->","yoast_head_json":{"title":"RAL - Flavio Brandao","robots":{"index":"index","follow":"follow","max-snippet":"max-snippet:-1","max-image-preview":"max-image-preview:large","max-video-preview":"max-video-preview:-1"},"canonical":"https:\/\/flaviobrandaobrand.com\/en\/ral\/","og_locale":"en_GB","og_type":"article","og_title":"RAL - Flavio Brandao","og_url":"https:\/\/flaviobrandaobrand.com\/en\/ral\/","og_site_name":"Flavio Brandao","article_modified_time":"2021-05-13T10:07:36+00:00","twitter_card":"summary_large_image","twitter_misc":{"Estimated reading time":"1 minute"},"schema":{"@context":"https:\/\/schema.org","@graph":[{"@type":"WebPage","@id":"https:\/\/flaviobrandaobrand.com\/en\/ral\/","url":"https:\/\/flaviobrandaobrand.com\/en\/ral\/","name":"RAL - Flavio Brandao","isPartOf":{"@id":"https:\/\/flaviobrandaobrand.com\/#website"},"datePublished":"2021-04-27T16:28:10+00:00","dateModified":"2021-05-13T10:07:36+00:00","breadcrumb":{"@id":"https:\/\/flaviobrandaobrand.com\/en\/ral\/#breadcrumb"},"inLanguage":"en-GB","potentialAction":[{"@type":"ReadAction","target":["https:\/\/flaviobrandaobrand.com\/en\/ral\/"]}]},{"@type":"BreadcrumbList","@id":"https:\/\/flaviobrandaobrand.com\/en\/ral\/#breadcrumb","itemListElement":[{"@type":"ListItem","position":1,"name":"In\u00edcio","item":"https:\/\/flaviobrandaobrand.com\/"},{"@type":"ListItem","position":2,"name":"RAL"}]},{"@type":"WebSite","@id":"https:\/\/flaviobrandaobrand.com\/#website","url":"https:\/\/flaviobrandaobrand.com\/","name":"Flavio Brandao","description":"Loja Online","publisher":{"@id":"https:\/\/flaviobrandaobrand.com\/#organization"},"potentialAction":[{"@type":"SearchAction","target":{"@type":"EntryPoint","urlTemplate":"https:\/\/flaviobrandaobrand.com\/?s={search_term_string}"},"query-input":"required name=search_term_string"}],"inLanguage":"en-GB"},{"@type":"Organization","@id":"https:\/\/flaviobrandaobrand.com\/#organization","name":"FLAVIO BRANDAO BRAND","url":"https:\/\/flaviobrandaobrand.com\/","logo":{"@type":"ImageObject","inLanguage":"en-GB","@id":"https:\/\/flaviobrandaobrand.com\/#\/schema\/logo\/image\/","url":"https:\/\/flaviobrandaobrand.com\/wp-content\/uploads\/2021\/04\/Flavio.png","contentUrl":"https:\/\/flaviobrandaobrand.com\/wp-content\/uploads\/2021\/04\/Flavio.png","width":1398,"height":288,"caption":"FLAVIO BRANDAO BRAND"},"image":{"@id":"https:\/\/flaviobrandaobrand.com\/#\/schema\/logo\/image\/"}}]}},"_links":{"self":[{"href":"https:\/\/flaviobrandaobrand.com\/en\/wp-json\/wp\/v2\/pages\/99591"}],"collection":[{"href":"https:\/\/flaviobrandaobrand.com\/en\/wp-json\/wp\/v2\/pages"}],"about":[{"href":"https:\/\/flaviobrandaobrand.com\/en\/wp-json\/wp\/v2\/types\/page"}],"author":[{"embeddable":true,"href":"https:\/\/flaviobrandaobrand.com\/en\/wp-json\/wp\/v2\/users\/1"}],"replies":[{"embeddable":true,"href":"https:\/\/flaviobrandaobrand.com\/en\/wp-json\/wp\/v2\/comments?post=99591"}],"version-history":[{"count":5,"href":"https:\/\/flaviobrandaobrand.com\/en\/wp-json\/wp\/v2\/pages\/99591\/revisions"}],"predecessor-version":[{"id":101233,"href":"https:\/\/flaviobrandaobrand.com\/en\/wp-json\/wp\/v2\/pages\/99591\/revisions\/101233"}],"wp:attachment":[{"href":"https:\/\/flaviobrandaobrand.com\/en\/wp-json\/wp\/v2\/media?parent=99591"}],"curies":[{"name":"wp","href":"https:\/\/api.w.org\/{rel}","templated":true}]}}